{"id":12813,"date":"2020-07-20T16:14:37","date_gmt":"2020-07-20T14:14:37","guid":{"rendered":"https:\/\/santsinstitut.com\/cirugia-plastica\/dermolipectomia\/"},"modified":"2023-01-11T14:01:24","modified_gmt":"2023-01-11T13:01:24","slug":"dermolipectomy","status":"publish","type":"page","link":"https:\/\/santsinstitut.com\/en\/plastic-surgery\/dermolipectomy\/","title":{"rendered":"Dermolipectomy"},"content":{"rendered":"","protected":false},"excerpt":{"rendered":"","protected":false},"author":17,"featured_media":0,"parent":12737,"menu_order":0,"comment_status":"closed","ping_status":"closed","template":"","meta":{"inline_featured_image":false,"_joinchat":[],"footnotes":""},"class_list":["post-12813","page","type-page","status-publish","hentry"],"yoast_head":"<!-- This site is optimized with the Yoast SEO plugin v27.5 - https:\/\/yoast.com\/product\/yoast-seo-wordpress\/ -->\n<title>Dermolipectomy in Barcelona - Sants Institut Barcelona<\/title>\n<meta name=\"description\" content=\"Dermolipectomia? \u2705 En Sants Institut ofrecemos varios tipos de dermolipectom\u00eda. Un equipo de profesionales te asesorar\u00e1 en lo que m\u00e1s se adapte a tus necesidades.\" \/>\n<meta name=\"robots\" content=\"index, follow, max-snippet:-1, max-image-preview:large, max-video-preview:-1\" \/>\n<link rel=\"canonical\" href=\"https:\/\/santsinstitut.com\/en\/plastic-surgery\/dermolipectomy\/\" \/>\n<meta property=\"og:locale\" content=\"en_US\" \/>\n<meta property=\"og:type\" content=\"article\" \/>\n<meta property=\"og:title\" content=\"Dermolipectomy in Barcelona - Sants Institut Barcelona\" \/>\n<meta property=\"og:description\" content=\"Dermolipectomia? \u2705 En Sants Institut ofrecemos varios tipos de dermolipectom\u00eda. Un equipo de profesionales te asesorar\u00e1 en lo que m\u00e1s se adapte a tus necesidades.\" \/>\n<meta property=\"og:url\" content=\"https:\/\/santsinstitut.com\/en\/plastic-surgery\/dermolipectomy\/\" \/>\n<meta property=\"og:site_name\" content=\"Sants Institut Barcelona\" \/>\n<meta property=\"article:modified_time\" content=\"2023-01-11T13:01:24+00:00\" \/>\n<meta name=\"twitter:card\" content=\"summary_large_image\" \/>\n<!-- \/ Yoast SEO plugin. -->","yoast_head_json":{"title":"Dermolipectomy in Barcelona - Sants Institut Barcelona","description":"Dermolipectomia? \u2705 En Sants Institut ofrecemos varios tipos de dermolipectom\u00eda. Un equipo de profesionales te asesorar\u00e1 en lo que m\u00e1s se adapte a tus necesidades.","robots":{"index":"index","follow":"follow","max-snippet":"max-snippet:-1","max-image-preview":"max-image-preview:large","max-video-preview":"max-video-preview:-1"},"canonical":"https:\/\/santsinstitut.com\/en\/plastic-surgery\/dermolipectomy\/","og_locale":"en_US","og_type":"article","og_title":"Dermolipectomy in Barcelona - Sants Institut Barcelona","og_description":"Dermolipectomia? \u2705 En Sants Institut ofrecemos varios tipos de dermolipectom\u00eda. Un equipo de profesionales te asesorar\u00e1 en lo que m\u00e1s se adapte a tus necesidades.","og_url":"https:\/\/santsinstitut.com\/en\/plastic-surgery\/dermolipectomy\/","og_site_name":"Sants Institut Barcelona","article_modified_time":"2023-01-11T13:01:24+00:00","twitter_card":"summary_large_image","schema":{"@context":"https:\/\/schema.org","@graph":[]}},"_links":{"self":[{"href":"https:\/\/santsinstitut.com\/en\/wp-json\/wp\/v2\/pages\/12813","targetHints":{"allow":["GET"]}}],"collection":[{"href":"https:\/\/santsinstitut.com\/en\/wp-json\/wp\/v2\/pages"}],"about":[{"href":"https:\/\/santsinstitut.com\/en\/wp-json\/wp\/v2\/types\/page"}],"author":[{"embeddable":true,"href":"https:\/\/santsinstitut.com\/en\/wp-json\/wp\/v2\/users\/17"}],"replies":[{"embeddable":true,"href":"https:\/\/santsinstitut.com\/en\/wp-json\/wp\/v2\/comments?post=12813"}],"version-history":[{"count":0,"href":"https:\/\/santsinstitut.com\/en\/wp-json\/wp\/v2\/pages\/12813\/revisions"}],"up":[{"embeddable":true,"href":"https:\/\/santsinstitut.com\/en\/wp-json\/wp\/v2\/pages\/12737"}],"wp:attachment":[{"href":"https:\/\/santsinstitut.com\/en\/wp-json\/wp\/v2\/media?parent=12813"}],"curies":[{"name":"wp","href":"https:\/\/api.w.org\/{rel}","templated":true}]}}