{"id":12793,"date":"2020-07-20T16:13:06","date_gmt":"2020-07-20T14:13:06","guid":{"rendered":"https:\/\/santsinstitut.com\/cirugia-plastica\/bolas-de-bichat\/"},"modified":"2023-01-11T13:57:42","modified_gmt":"2023-01-11T12:57:42","slug":"bichat-balls","status":"publish","type":"page","link":"https:\/\/santsinstitut.com\/en\/plastic-surgery\/bichat-balls\/","title":{"rendered":"Bichat Balls"},"content":{"rendered":"","protected":false},"excerpt":{"rendered":"","protected":false},"author":17,"featured_media":0,"parent":12737,"menu_order":0,"comment_status":"closed","ping_status":"closed","template":"","meta":{"inline_featured_image":false,"_joinchat":[],"footnotes":""},"class_list":["post-12793","page","type-page","status-publish","hentry"],"yoast_head":"<!-- This site is optimized with the Yoast SEO plugin v27.5 - https:\/\/yoast.com\/product\/yoast-seo-wordpress\/ -->\n<title>Bichectomy - Bichat balls in Barcelona - Sants Institut Barcelona<\/title>\n<meta name=\"description\" content=\"Bolas de Bichat? \u2705 En Sants Institut logramos definir el \u00f3valo facial a trav\u00e9s de unos p\u00f3mulos m\u00e1s estilizados que resaltan las facciones del rostro\" \/>\n<meta name=\"robots\" content=\"index, follow, max-snippet:-1, max-image-preview:large, max-video-preview:-1\" \/>\n<link rel=\"canonical\" href=\"https:\/\/santsinstitut.com\/en\/plastic-surgery\/bichat-balls\/\" \/>\n<meta property=\"og:locale\" content=\"en_US\" \/>\n<meta property=\"og:type\" content=\"article\" \/>\n<meta property=\"og:title\" content=\"Bichectomy - Bichat balls in Barcelona - Sants Institut Barcelona\" \/>\n<meta property=\"og:description\" content=\"Bolas de Bichat? \u2705 En Sants Institut logramos definir el \u00f3valo facial a trav\u00e9s de unos p\u00f3mulos m\u00e1s estilizados que resaltan las facciones del rostro\" \/>\n<meta property=\"og:url\" content=\"https:\/\/santsinstitut.com\/en\/plastic-surgery\/bichat-balls\/\" \/>\n<meta property=\"og:site_name\" content=\"Sants Institut Barcelona\" \/>\n<meta property=\"article:modified_time\" content=\"2023-01-11T12:57:42+00:00\" \/>\n<meta name=\"twitter:card\" content=\"summary_large_image\" \/>\n<!-- \/ Yoast SEO plugin. -->","yoast_head_json":{"title":"Bichectomy - Bichat balls in Barcelona - Sants Institut Barcelona","description":"Bolas de Bichat? \u2705 En Sants Institut logramos definir el \u00f3valo facial a trav\u00e9s de unos p\u00f3mulos m\u00e1s estilizados que resaltan las facciones del rostro","robots":{"index":"index","follow":"follow","max-snippet":"max-snippet:-1","max-image-preview":"max-image-preview:large","max-video-preview":"max-video-preview:-1"},"canonical":"https:\/\/santsinstitut.com\/en\/plastic-surgery\/bichat-balls\/","og_locale":"en_US","og_type":"article","og_title":"Bichectomy - Bichat balls in Barcelona - Sants Institut Barcelona","og_description":"Bolas de Bichat? \u2705 En Sants Institut logramos definir el \u00f3valo facial a trav\u00e9s de unos p\u00f3mulos m\u00e1s estilizados que resaltan las facciones del rostro","og_url":"https:\/\/santsinstitut.com\/en\/plastic-surgery\/bichat-balls\/","og_site_name":"Sants Institut Barcelona","article_modified_time":"2023-01-11T12:57:42+00:00","twitter_card":"summary_large_image","schema":{"@context":"https:\/\/schema.org","@graph":[]}},"_links":{"self":[{"href":"https:\/\/santsinstitut.com\/en\/wp-json\/wp\/v2\/pages\/12793","targetHints":{"allow":["GET"]}}],"collection":[{"href":"https:\/\/santsinstitut.com\/en\/wp-json\/wp\/v2\/pages"}],"about":[{"href":"https:\/\/santsinstitut.com\/en\/wp-json\/wp\/v2\/types\/page"}],"author":[{"embeddable":true,"href":"https:\/\/santsinstitut.com\/en\/wp-json\/wp\/v2\/users\/17"}],"replies":[{"embeddable":true,"href":"https:\/\/santsinstitut.com\/en\/wp-json\/wp\/v2\/comments?post=12793"}],"version-history":[{"count":0,"href":"https:\/\/santsinstitut.com\/en\/wp-json\/wp\/v2\/pages\/12793\/revisions"}],"up":[{"embeddable":true,"href":"https:\/\/santsinstitut.com\/en\/wp-json\/wp\/v2\/pages\/12737"}],"wp:attachment":[{"href":"https:\/\/santsinstitut.com\/en\/wp-json\/wp\/v2\/media?parent=12793"}],"curies":[{"name":"wp","href":"https:\/\/api.w.org\/{rel}","templated":true}]}}